{"id":391,"date":"2021-10-05T16:11:03","date_gmt":"2021-10-05T16:11:03","guid":{"rendered":"https:\/\/nuevotingo.com\/?page_id=391"},"modified":"2021-11-18T23:21:33","modified_gmt":"2021-11-18T23:21:33","slug":"nuevo-tingo-tourist-office","status":"publish","type":"page","link":"https:\/\/nuevotingo.com\/es\/nuevo-tingo-tourist-office\/","title":{"rendered":"Oficina de Turismo"},"content":{"rendered":"","protected":false},"excerpt":{"rendered":"","protected":false},"author":1,"featured_media":0,"parent":0,"menu_order":0,"comment_status":"closed","ping_status":"closed","template":"","meta":{"footnotes":""},"yoast_head":"<!-- This site is optimized with the Yoast SEO plugin v24.5 - https:\/\/yoast.com\/wordpress\/plugins\/seo\/ -->\n<title>Tourist Office - Nuevotingo.com<\/title>\n<meta name=\"description\" content=\"The tourist office is on the main square of Nuevo Tingo. Here you can learn about accommodation, food and activities in the local area.\" \/>\n<meta name=\"robots\" content=\"index, follow, max-snippet:-1, max-image-preview:large, max-video-preview:-1\" \/>\n<link rel=\"canonical\" href=\"https:\/\/nuevotingo.com\/es\/nuevo-tingo-tourist-office\/\" \/>\n<meta property=\"og:locale\" content=\"es_ES\" \/>\n<meta property=\"og:type\" content=\"article\" \/>\n<meta property=\"og:title\" content=\"Tourist Office - Nuevotingo.com\" \/>\n<meta property=\"og:description\" content=\"The tourist office is on the main square of Nuevo Tingo. Here you can learn about accommodation, food and activities in the local area.\" \/>\n<meta property=\"og:url\" content=\"https:\/\/nuevotingo.com\/es\/nuevo-tingo-tourist-office\/\" \/>\n<meta property=\"og:site_name\" content=\"Nuevotingo.com\" \/>\n<meta property=\"article:modified_time\" content=\"2021-11-18T23:21:33+00:00\" \/>\n<meta name=\"twitter:card\" content=\"summary_large_image\" \/>\n<script type=\"application\/ld+json\" class=\"yoast-schema-graph\">{\"@context\":\"https:\/\/schema.org\",\"@graph\":[{\"@type\":\"WebPage\",\"@id\":\"https:\/\/nuevotingo.com\/nuevo-tingo-tourist-office\/\",\"url\":\"https:\/\/nuevotingo.com\/nuevo-tingo-tourist-office\/\",\"name\":\"Tourist Office - Nuevotingo.com\",\"isPartOf\":{\"@id\":\"https:\/\/nuevotingo.com\/#website\"},\"datePublished\":\"2021-10-05T16:11:03+00:00\",\"dateModified\":\"2021-11-18T23:21:33+00:00\",\"description\":\"The tourist office is on the main square of Nuevo Tingo. Here you can learn about accommodation, food and activities in the local area.\",\"breadcrumb\":{\"@id\":\"https:\/\/nuevotingo.com\/nuevo-tingo-tourist-office\/#breadcrumb\"},\"inLanguage\":\"es\",\"potentialAction\":[{\"@type\":\"ReadAction\",\"target\":[\"https:\/\/nuevotingo.com\/nuevo-tingo-tourist-office\/\"]}]},{\"@type\":\"BreadcrumbList\",\"@id\":\"https:\/\/nuevotingo.com\/nuevo-tingo-tourist-office\/#breadcrumb\",\"itemListElement\":[{\"@type\":\"ListItem\",\"position\":1,\"name\":\"Home\",\"item\":\"https:\/\/nuevotingo.com\/\"},{\"@type\":\"ListItem\",\"position\":2,\"name\":\"Tourist Office\"}]},{\"@type\":\"WebSite\",\"@id\":\"https:\/\/nuevotingo.com\/#website\",\"url\":\"https:\/\/nuevotingo.com\/\",\"name\":\"Nuevotingo.com\",\"description\":\"Amazonas, Peru\",\"publisher\":{\"@id\":\"https:\/\/nuevotingo.com\/#\/schema\/person\/2ba055b89dc92ad990c035e83e6274a2\"},\"potentialAction\":[{\"@type\":\"SearchAction\",\"target\":{\"@type\":\"EntryPoint\",\"urlTemplate\":\"https:\/\/nuevotingo.com\/?s={search_term_string}\"},\"query-input\":{\"@type\":\"PropertyValueSpecification\",\"valueRequired\":true,\"valueName\":\"search_term_string\"}}],\"inLanguage\":\"es\"},{\"@type\":[\"Person\",\"Organization\"],\"@id\":\"https:\/\/nuevotingo.com\/#\/schema\/person\/2ba055b89dc92ad990c035e83e6274a2\",\"name\":\"Admin\",\"image\":{\"@type\":\"ImageObject\",\"inLanguage\":\"es\",\"@id\":\"https:\/\/nuevotingo.com\/#\/schema\/person\/image\/\",\"url\":\"https:\/\/secure.gravatar.com\/avatar\/c486bb0fa5cb2d96735f528c571b6e00?s=96&d=mm&r=g\",\"contentUrl\":\"https:\/\/secure.gravatar.com\/avatar\/c486bb0fa5cb2d96735f528c571b6e00?s=96&d=mm&r=g\",\"caption\":\"Admin\"},\"logo\":{\"@id\":\"https:\/\/nuevotingo.com\/#\/schema\/person\/image\/\"},\"sameAs\":[\"https:\/\/nuevotingo.com\"]}]}<\/script>\n<!-- \/ Yoast SEO plugin. -->","yoast_head_json":{"title":"Oficina de Turismo - Nuevotingo.com","description":"La Oficina de Turismo de Nuevo Tingo est\u00e1 ubicada en la plaza principal, junto a la municipalidad y est\u00e1 abierta todas las ma\u00f1anas de 9 a 12 del mediod\u00eda y por las tardes de 15 a 17 horas.","robots":{"index":"index","follow":"follow","max-snippet":"max-snippet:-1","max-image-preview":"max-image-preview:large","max-video-preview":"max-video-preview:-1"},"canonical":"https:\/\/nuevotingo.com\/es\/nuevo-tingo-tourist-office\/","og_locale":"es_ES","og_type":"article","og_title":"Tourist Office - Nuevotingo.com","og_description":"The tourist office is on the main square of Nuevo Tingo. Here you can learn about accommodation, food and activities in the local area.","og_url":"https:\/\/nuevotingo.com\/es\/nuevo-tingo-tourist-office\/","og_site_name":"Nuevotingo.com","article_modified_time":"2021-11-18T23:21:33+00:00","twitter_card":"summary_large_image","schema":{"@context":"https:\/\/schema.org","@graph":[{"@type":"WebPage","@id":"https:\/\/nuevotingo.com\/nuevo-tingo-tourist-office\/","url":"https:\/\/nuevotingo.com\/nuevo-tingo-tourist-office\/","name":"Oficina de Turismo - Nuevotingo.com","isPartOf":{"@id":"https:\/\/nuevotingo.com\/#website"},"datePublished":"2021-10-05T16:11:03+00:00","dateModified":"2021-11-18T23:21:33+00:00","description":"La Oficina de Turismo de Nuevo Tingo est\u00e1 ubicada en la plaza principal, junto a la municipalidad y est\u00e1 abierta todas las ma\u00f1anas de 9 a 12 del mediod\u00eda y por las tardes de 15 a 17 horas.","breadcrumb":{"@id":"https:\/\/nuevotingo.com\/nuevo-tingo-tourist-office\/#breadcrumb"},"inLanguage":"es","potentialAction":[{"@type":"ReadAction","target":["https:\/\/nuevotingo.com\/nuevo-tingo-tourist-office\/"]}]},{"@type":"BreadcrumbList","@id":"https:\/\/nuevotingo.com\/nuevo-tingo-tourist-office\/#breadcrumb","itemListElement":[{"@type":"ListItem","position":1,"name":"Home","item":"https:\/\/nuevotingo.com\/"},{"@type":"ListItem","position":2,"name":"Tourist Office"}]},{"@type":"WebSite","@id":"https:\/\/nuevotingo.com\/#website","url":"https:\/\/nuevotingo.com\/","name":"Nuevotingo.com","description":"Amazonas, Peru","publisher":{"@id":"https:\/\/nuevotingo.com\/#\/schema\/person\/2ba055b89dc92ad990c035e83e6274a2"},"potentialAction":[{"@type":"SearchAction","target":{"@type":"EntryPoint","urlTemplate":"https:\/\/nuevotingo.com\/?s={search_term_string}"},"query-input":{"@type":"PropertyValueSpecification","valueRequired":true,"valueName":"search_term_string"}}],"inLanguage":"es"},{"@type":["Person","Organization"],"@id":"https:\/\/nuevotingo.com\/#\/schema\/person\/2ba055b89dc92ad990c035e83e6274a2","name":"Admin","image":{"@type":"ImageObject","inLanguage":"es","@id":"https:\/\/nuevotingo.com\/#\/schema\/person\/image\/","url":"https:\/\/secure.gravatar.com\/avatar\/c486bb0fa5cb2d96735f528c571b6e00?s=96&d=mm&r=g","contentUrl":"https:\/\/secure.gravatar.com\/avatar\/c486bb0fa5cb2d96735f528c571b6e00?s=96&d=mm&r=g","caption":"Admin"},"logo":{"@id":"https:\/\/nuevotingo.com\/#\/schema\/person\/image\/"},"sameAs":["https:\/\/nuevotingo.com"]}]}},"_links":{"self":[{"href":"https:\/\/nuevotingo.com\/es\/wp-json\/wp\/v2\/pages\/391"}],"collection":[{"href":"https:\/\/nuevotingo.com\/es\/wp-json\/wp\/v2\/pages"}],"about":[{"href":"https:\/\/nuevotingo.com\/es\/wp-json\/wp\/v2\/types\/page"}],"author":[{"embeddable":true,"href":"https:\/\/nuevotingo.com\/es\/wp-json\/wp\/v2\/users\/1"}],"replies":[{"embeddable":true,"href":"https:\/\/nuevotingo.com\/es\/wp-json\/wp\/v2\/comments?post=391"}],"version-history":[{"count":15,"href":"https:\/\/nuevotingo.com\/es\/wp-json\/wp\/v2\/pages\/391\/revisions"}],"predecessor-version":[{"id":709,"href":"https:\/\/nuevotingo.com\/es\/wp-json\/wp\/v2\/pages\/391\/revisions\/709"}],"wp:attachment":[{"href":"https:\/\/nuevotingo.com\/es\/wp-json\/wp\/v2\/media?parent=391"}],"curies":[{"name":"wp","href":"https:\/\/api.w.org\/{rel}","templated":true}]}}